{"id":1161,"date":"2020-04-30T12:00:34","date_gmt":"2020-04-30T12:00:34","guid":{"rendered":"https:\/\/mark-pfyffer.ch\/mark-pfyffer\/?page_id=1161"},"modified":"2025-04-08T07:07:30","modified_gmt":"2025-04-08T07:07:30","slug":"positionen","status":"publish","type":"page","link":"https:\/\/mark-pfyffer.ch\/mark-pfyffer\/positionen\/","title":{"rendered":"Positionen"},"content":{"rendered":"\t\t<div data-elementor-type=\"wp-page\" data-elementor-id=\"1161\" class=\"elementor elementor-1161\" data-elementor-post-type=\"page\">\n\t\t\t\t\t\t<section class=\"elementor-section elementor-top-section elementor-element elementor-element-b2e507d elementor-section-boxed elementor-section-height-default elementor-section-height-default\" data-id=\"b2e507d\" data-element_type=\"section\">\n\t\t\t\t\t\t<div class=\"elementor-container elementor-column-gap-default\">\n\t\t\t\t\t<div class=\"elementor-column elementor-col-50 elementor-top-column elementor-element elementor-element-92b53bf\" data-id=\"92b53bf\" data-element_type=\"column\">\n\t\t\t<div class=\"elementor-widget-wrap elementor-element-populated\">\n\t\t\t\t\t\t<div class=\"elementor-element elementor-element-bfabc5a elementor-widget elementor-widget-heading\" data-id=\"bfabc5a\" data-element_type=\"widget\" data-widget_type=\"heading.default\">\n\t\t\t\t<div class=\"elementor-widget-container\">\n\t\t\t\t\t<h4 class=\"elementor-heading-title elementor-size-default\">Nachhaltige Finanz- und Steuerpolitik<\/h4>\t\t\t\t<\/div>\n\t\t\t\t<\/div>\n\t\t\t\t<div class=\"elementor-element elementor-element-e37d3a3 elementor-widget elementor-widget-text-editor\" data-id=\"e37d3a3\" data-element_type=\"widget\" data-widget_type=\"text-editor.default\">\n\t\t\t\t<div class=\"elementor-widget-container\">\n\t\t\t\t\t\t\t\t\t<p>Anstehende Schl\u00fcsselprojekte und Herausforderungen der Gemeinde anpacken: Schulhaussanierungen, Zentrumsplanung, Optimierung der Verkehrsinfrastruktur und weitere Themen. Es braucht mehrheitsf\u00e4hige, nachhaltige, finanziell verkraftbare L\u00f6sungen, bei denen die B\u00fcrgerinnen und B\u00fcrger mitreden k\u00f6nnen. Mein Hauptaugenmerk liegt auf Effizienz und Attraktivit\u00e4tssteigerung der Gemeinde, damit sich Steuererh\u00f6hungen m\u00f6glichst verhindern lassen.<\/p><div id=\"mailtooptionchmailPopupModalTo\" style=\"z-index: 1102;\"><div id=\"mailtooptionchmailContentPopup\"><p>\u00a0<\/p><\/div><\/div>\t\t\t\t\t\t\t\t<\/div>\n\t\t\t\t<\/div>\n\t\t\t\t\t<\/div>\n\t\t<\/div>\n\t\t\t\t<div class=\"elementor-column elementor-col-50 elementor-top-column elementor-element elementor-element-ff5e13b\" data-id=\"ff5e13b\" data-element_type=\"column\">\n\t\t\t<div class=\"elementor-widget-wrap elementor-element-populated\">\n\t\t\t\t\t\t<div class=\"elementor-element elementor-element-88e2ec8 elementor-widget elementor-widget-heading\" data-id=\"88e2ec8\" data-element_type=\"widget\" data-widget_type=\"heading.default\">\n\t\t\t\t<div class=\"elementor-widget-container\">\n\t\t\t\t\t<h4 class=\"elementor-heading-title elementor-size-default\">Sicherung von Arbeitspl\u00e4tzen in Ebikon<\/h4>\t\t\t\t<\/div>\n\t\t\t\t<\/div>\n\t\t\t\t<div class=\"elementor-element elementor-element-913d39a elementor-widget elementor-widget-text-editor\" data-id=\"913d39a\" data-element_type=\"widget\" data-widget_type=\"text-editor.default\">\n\t\t\t\t<div class=\"elementor-widget-container\">\n\t\t\t\t\t\t\t\t\t<p>Als Zust\u00e4ndiger f\u00fcr Wirtschaftsf\u00f6rderung in der Gemeinde Ebikon ist es mir ein Anliegen, f\u00fcr das\u00a0Gewerbe und die Unternehmungen gute Rahmenbedingungen zu schaffen. Zudem stehe ich f\u00fcr eine konstruktive Zusammenarbeit zwischen Wirtschaft und Politik,\u00a0 damit sich Ebikon als attraktiver Wirtschaftsstandort weiterhin positionieren kann. Vom kleinen Gewerbetreibenden bis zum internationalen Konzern \u2013 alle m\u00fcssen in der Gemeinde ein offenes Ohr f\u00fcr ihre Anliegen haben.<\/p><div><img \/><\/div>\t\t\t\t\t\t\t\t<\/div>\n\t\t\t\t<\/div>\n\t\t\t\t\t<\/div>\n\t\t<\/div>\n\t\t\t\t\t<\/div>\n\t\t<\/section>\n\t\t\t\t<section class=\"elementor-section elementor-top-section elementor-element elementor-element-4570540 elementor-section-boxed elementor-section-height-default elementor-section-height-default\" data-id=\"4570540\" data-element_type=\"section\">\n\t\t\t\t\t\t<div class=\"elementor-container elementor-column-gap-default\">\n\t\t\t\t\t<div class=\"elementor-column elementor-col-50 elementor-top-column elementor-element elementor-element-75d5ba1\" data-id=\"75d5ba1\" data-element_type=\"column\">\n\t\t\t<div class=\"elementor-widget-wrap elementor-element-populated\">\n\t\t\t\t\t\t<div class=\"elementor-element elementor-element-2f2a9c3 elementor-widget elementor-widget-heading\" data-id=\"2f2a9c3\" data-element_type=\"widget\" data-widget_type=\"heading.default\">\n\t\t\t\t<div class=\"elementor-widget-container\">\n\t\t\t\t\t<h4 class=\"elementor-heading-title elementor-size-default\">Gesundes und faires Sozial-System <\/h4>\t\t\t\t<\/div>\n\t\t\t\t<\/div>\n\t\t\t\t<div class=\"elementor-element elementor-element-b8c0dbc elementor-widget elementor-widget-text-editor\" data-id=\"b8c0dbc\" data-element_type=\"widget\" data-widget_type=\"text-editor.default\">\n\t\t\t\t<div class=\"elementor-widget-container\">\n\t\t\t\t\t\t\t\t\t<p>Die notwendigen Ressourcen sowie bedarfsgerechte Dienstleistungen und Angebote f\u00fcr die Betreuung und Pflege von Menschen, die unsere Hilfe brauchen, spielen in Zukunft eine noch gr\u00f6ssere Rolle. Mein Anspruch ist es, diese zu einem optimalen Kosten-\/Nutzen-Verh\u00e4ltnis (externe\/interne Leistungserbringer oder Mischform) zur Verf\u00fcgung zu stellen, eine m\u00f6glichst rasche Wiedereingliederung zu erreichen sowie Kriterien festzulegen, um die Anzahl der Bez\u00fcger m\u00f6glichst gering zu halten.<\/p><div id=\"mailtooptionchmailPopupModalTo\" style=\"z-index: 1102;\"><div id=\"mailtooptionchmailContentPopup\"><div id=\"mailtooptionchpopupCloseModalMail\">\u00a0<\/div><\/div><\/div>\t\t\t\t\t\t\t\t<\/div>\n\t\t\t\t<\/div>\n\t\t\t\t\t<\/div>\n\t\t<\/div>\n\t\t\t\t<div class=\"elementor-column elementor-col-50 elementor-top-column elementor-element elementor-element-49b3a5b\" data-id=\"49b3a5b\" data-element_type=\"column\">\n\t\t\t<div class=\"elementor-widget-wrap elementor-element-populated\">\n\t\t\t\t\t\t<div class=\"elementor-element elementor-element-247abfa elementor-widget elementor-widget-heading\" data-id=\"247abfa\" data-element_type=\"widget\" data-widget_type=\"heading.default\">\n\t\t\t\t<div class=\"elementor-widget-container\">\n\t\t\t\t\t<h4 class=\"elementor-heading-title elementor-size-default\">Lebendige Kultur und Vereine<\/h4>\t\t\t\t<\/div>\n\t\t\t\t<\/div>\n\t\t\t\t<div class=\"elementor-element elementor-element-fd08152 elementor-widget elementor-widget-text-editor\" data-id=\"fd08152\" data-element_type=\"widget\" data-widget_type=\"text-editor.default\">\n\t\t\t\t<div class=\"elementor-widget-container\">\n\t\t\t\t\t\t\t\t\t<p>Die lokalen Vereine (Sport, Quartier, Musik etc.) sind wichtige Bestandteile unseres gesellschaftlichen Lebens. Sie stellen den Austausch zwischen den unterschiedlichen Bev\u00f6lkerungsschichten sicher und f\u00f6rdern die Integration. Ein aktives, breites Vereins- und Kulturleben ist ein Grundpfeiler der Gesellschaft und wirkt der zunehmenden Berufshektik und Anonymisierung in der Bev\u00f6lkerung entgegen. Mir liegt es deshalb sehr am Herzen, diese Vielfalt zu pflegen.<\/p>\t\t\t\t\t\t\t\t<\/div>\n\t\t\t\t<\/div>\n\t\t\t\t\t<\/div>\n\t\t<\/div>\n\t\t\t\t\t<\/div>\n\t\t<\/section>\n\t\t\t\t<section class=\"elementor-section elementor-top-section elementor-element elementor-element-2142fd0 elementor-section-boxed elementor-section-height-default elementor-section-height-default\" data-id=\"2142fd0\" data-element_type=\"section\">\n\t\t\t\t\t\t<div class=\"elementor-container elementor-column-gap-default\">\n\t\t\t\t\t<div class=\"elementor-column elementor-col-50 elementor-top-column elementor-element elementor-element-a4955f6\" data-id=\"a4955f6\" data-element_type=\"column\">\n\t\t\t<div class=\"elementor-widget-wrap elementor-element-populated\">\n\t\t\t\t\t\t<div class=\"elementor-element elementor-element-2839575 elementor-widget elementor-widget-heading\" data-id=\"2839575\" data-element_type=\"widget\" data-widget_type=\"heading.default\">\n\t\t\t\t<div class=\"elementor-widget-container\">\n\t\t\t\t\t<h4 class=\"elementor-heading-title elementor-size-default\">Digitale Zukunft<\/h4>\t\t\t\t<\/div>\n\t\t\t\t<\/div>\n\t\t\t\t<div class=\"elementor-element elementor-element-65450dd elementor-widget elementor-widget-text-editor\" data-id=\"65450dd\" data-element_type=\"widget\" data-widget_type=\"text-editor.default\">\n\t\t\t\t<div class=\"elementor-widget-container\">\n\t\t\t\t\t\t\t\t\t<p>Aus meinem Berufsalltag weiss ich, dass die Digitalisierung hilft, die Effizienz zu steigern und Abl\u00e4ufe zu optimieren. Was f\u00fcr Unternehmen zutrifft, l\u00e4sst sich auch auf \u00f6ffentliche Verwaltungen \u00fcbertragen. Von den positiven Auswirkungen auf die Dienstleistungen Gemeinde profitieren letztlich auch die B\u00fcrgerinnen und B\u00fcrger. F\u00fcr mich muss die Digitalisierung jedoch bereits in der Grundschule ausgebaut werden, weil dort die Basis f\u00fcr die nachfolgenden Ausbildungen und das sp\u00e4tere Leben gelegt wird.<\/p>\t\t\t\t\t\t\t\t<\/div>\n\t\t\t\t<\/div>\n\t\t\t\t\t<\/div>\n\t\t<\/div>\n\t\t\t\t<div class=\"elementor-column elementor-col-50 elementor-top-column elementor-element elementor-element-4cda220\" data-id=\"4cda220\" data-element_type=\"column\">\n\t\t\t<div class=\"elementor-widget-wrap elementor-element-populated\">\n\t\t\t\t\t\t<div class=\"elementor-element elementor-element-c115e1d elementor-widget elementor-widget-heading\" data-id=\"c115e1d\" data-element_type=\"widget\" data-widget_type=\"heading.default\">\n\t\t\t\t<div class=\"elementor-widget-container\">\n\t\t\t\t\t<h4 class=\"elementor-heading-title elementor-size-default\">Pers\u00f6nliche Grundhaltung<\/h4>\t\t\t\t<\/div>\n\t\t\t\t<\/div>\n\t\t\t\t<div class=\"elementor-element elementor-element-d169bcb elementor-widget elementor-widget-text-editor\" data-id=\"d169bcb\" data-element_type=\"widget\" data-widget_type=\"text-editor.default\">\n\t\t\t\t<div class=\"elementor-widget-container\">\n\t\t\t\t\t\t\t\t\t<div id=\"mailtooptionchmailPopupModalTo\" style=\"z-index: 1102;\"><div id=\"mailtooptionchmailContentPopup\"><div><p>Meine pers\u00f6nlichen und menschlichen Werte basieren auf christlichen Grundwerten, wo Fairness, Akzeptanz, Vertrauen und Gerechtigkeit eine zentrale Rolle spielen. Jede Person unabh\u00e4ngig von Geschlecht, Hautfarbe und Religion soll ihren pers\u00f6nlichen Beitrag zur Gesellschaft beisteuern. Nur so kann man miteinander Leben und weiterkommen.<\/p><\/div><\/div><\/div>\t\t\t\t\t\t\t\t<\/div>\n\t\t\t\t<\/div>\n\t\t\t\t\t<\/div>\n\t\t<\/div>\n\t\t\t\t\t<\/div>\n\t\t<\/section>\n\t\t\t\t<section class=\"elementor-section elementor-top-section elementor-element elementor-element-937d99b elementor-section-boxed elementor-section-height-default elementor-section-height-default\" data-id=\"937d99b\" data-element_type=\"section\">\n\t\t\t\t\t\t<div class=\"elementor-container elementor-column-gap-default\">\n\t\t\t\t\t<div class=\"elementor-column elementor-col-50 elementor-top-column elementor-element elementor-element-c80d8d8\" data-id=\"c80d8d8\" data-element_type=\"column\">\n\t\t\t<div class=\"elementor-widget-wrap elementor-element-populated\">\n\t\t\t\t\t\t\t<\/div>\n\t\t<\/div>\n\t\t\t\t<div class=\"elementor-column elementor-col-50 elementor-top-column elementor-element elementor-element-e6df453\" data-id=\"e6df453\" data-element_type=\"column\">\n\t\t\t<div class=\"elementor-widget-wrap elementor-element-populated\">\n\t\t\t\t\t\t\t<\/div>\n\t\t<\/div>\n\t\t\t\t\t<\/div>\n\t\t<\/section>\n\t\t\t\t<\/div>\n\t\t","protected":false},"excerpt":{"rendered":"<p>Nachhaltige Finanz- und Steuerpolitik Anstehende Schl\u00fcsselprojekte und Herausforderungen der Gemeinde anpacken: Schulhaussanierungen, Zentrumsplanung, Optimierung der Verkehrsinfrastruktur und weitere Themen. Es braucht mehrheitsf\u00e4hige, nachhaltige, finanziell verkraftbare L\u00f6sungen, bei denen die B\u00fcrgerinnen und B\u00fcrger mitreden k\u00f6nnen. Mein Hauptaugenmerk liegt auf Effizienz und Attraktivit\u00e4tssteigerung der Gemeinde, damit sich Steuererh\u00f6hungen m\u00f6glichst verhindern lassen. \u00a0 Sicherung von Arbeitspl\u00e4tzen in Ebikon&hellip;<\/p>\n","protected":false},"author":1,"featured_media":0,"parent":0,"menu_order":0,"comment_status":"closed","ping_status":"closed","template":"","meta":{"footnotes":""},"class_list":["post-1161","page","type-page","status-publish","hentry"],"_links":{"self":[{"href":"https:\/\/mark-pfyffer.ch\/mark-pfyffer\/wp-json\/wp\/v2\/pages\/1161","targetHints":{"allow":["GET"]}}],"collection":[{"href":"https:\/\/mark-pfyffer.ch\/mark-pfyffer\/wp-json\/wp\/v2\/pages"}],"about":[{"href":"https:\/\/mark-pfyffer.ch\/mark-pfyffer\/wp-json\/wp\/v2\/types\/page"}],"author":[{"embeddable":true,"href":"https:\/\/mark-pfyffer.ch\/mark-pfyffer\/wp-json\/wp\/v2\/users\/1"}],"replies":[{"embeddable":true,"href":"https:\/\/mark-pfyffer.ch\/mark-pfyffer\/wp-json\/wp\/v2\/comments?post=1161"}],"version-history":[{"count":35,"href":"https:\/\/mark-pfyffer.ch\/mark-pfyffer\/wp-json\/wp\/v2\/pages\/1161\/revisions"}],"predecessor-version":[{"id":2184,"href":"https:\/\/mark-pfyffer.ch\/mark-pfyffer\/wp-json\/wp\/v2\/pages\/1161\/revisions\/2184"}],"wp:attachment":[{"href":"https:\/\/mark-pfyffer.ch\/mark-pfyffer\/wp-json\/wp\/v2\/media?parent=1161"}],"curies":[{"name":"wp","href":"https:\/\/api.w.org\/{rel}","templated":true}]}}